{"id":830,"date":"2024-10-26T17:58:14","date_gmt":"2024-10-26T17:58:14","guid":{"rendered":"https:\/\/mialeekreativ.de\/?page_id=830"},"modified":"2024-10-26T18:00:24","modified_gmt":"2024-10-26T18:00:24","slug":"agb","status":"publish","type":"page","link":"https:\/\/mialeekreativ.de\/en\/agb\/","title":{"rendered":"AGB"},"content":{"rendered":"<div data-elementor-type=\"wp-page\" data-elementor-id=\"830\" class=\"elementor elementor-830\" data-elementor-post-type=\"page\">\n\t\t\t\t\t\t<section class=\"elementor-section elementor-top-section elementor-element elementor-element-0c1b706 elementor-section-boxed elementor-section-height-default elementor-section-height-default\" data-id=\"0c1b706\" data-element_type=\"section\" data-e-type=\"section\">\n\t\t\t\t\t\t<div class=\"elementor-container elementor-column-gap-default\">\n\t\t\t\t\t<div class=\"elementor-column elementor-col-100 elementor-top-column elementor-element elementor-element-6170ce9\" data-id=\"6170ce9\" data-element_type=\"column\" data-e-type=\"column\">\n\t\t\t<div class=\"elementor-widget-wrap elementor-element-populated\">\n\t\t\t\t\t\t<div class=\"elementor-element elementor-element-35245b8 elementor-widget elementor-widget-spacer\" data-id=\"35245b8\" data-element_type=\"widget\" data-e-type=\"widget\" data-widget_type=\"spacer.default\">\n\t\t\t\t<div class=\"elementor-widget-container\">\n\t\t\t\t\t\t\t<div class=\"elementor-spacer\">\n\t\t\t<div class=\"elementor-spacer-inner\"><\/div>\n\t\t<\/div>\n\t\t\t\t\t\t<\/div>\n\t\t\t\t<\/div>\n\t\t\t\t\t<\/div>\n\t\t<\/div>\n\t\t\t\t\t<\/div>\n\t\t<\/section>\n\t\t\t\t<section class=\"elementor-section elementor-top-section elementor-element elementor-element-b602439 elementor-section-boxed elementor-section-height-default elementor-section-height-default\" data-id=\"b602439\" data-element_type=\"section\" data-e-type=\"section\">\n\t\t\t\t\t\t<div class=\"elementor-container elementor-column-gap-default\">\n\t\t\t\t\t<div class=\"elementor-column elementor-col-100 elementor-top-column elementor-element elementor-element-a3637d9\" data-id=\"a3637d9\" data-element_type=\"column\" data-e-type=\"column\">\n\t\t\t<div class=\"elementor-widget-wrap elementor-element-populated\">\n\t\t\t\t\t\t<div class=\"elementor-element elementor-element-84e4bf7 elementor-widget elementor-widget-heading\" data-id=\"84e4bf7\" data-element_type=\"widget\" data-e-type=\"widget\" data-widget_type=\"heading.default\">\n\t\t\t\t<div class=\"elementor-widget-container\">\n\t\t\t\t\t<h2 class=\"elementor-heading-title elementor-size-default\">AGB &amp; FAQ<\/h2>\t\t\t\t<\/div>\n\t\t\t\t<\/div>\n\t\t\t\t\t<\/div>\n\t\t<\/div>\n\t\t\t\t\t<\/div>\n\t\t<\/section>\n\t\t\t\t<section class=\"elementor-section elementor-top-section elementor-element elementor-element-2edbb1c elementor-section-boxed elementor-section-height-default elementor-section-height-default\" data-id=\"2edbb1c\" data-element_type=\"section\" data-e-type=\"section\">\n\t\t\t\t\t\t<div class=\"elementor-container elementor-column-gap-default\">\n\t\t\t\t\t<div class=\"elementor-column elementor-col-100 elementor-top-column elementor-element elementor-element-24df7e9\" data-id=\"24df7e9\" data-element_type=\"column\" data-e-type=\"column\">\n\t\t\t<div class=\"elementor-widget-wrap elementor-element-populated\">\n\t\t\t\t\t\t<div class=\"elementor-element elementor-element-baa6253 elementor-widget elementor-widget-text-editor\" data-id=\"baa6253\" data-element_type=\"widget\" data-e-type=\"widget\" data-widget_type=\"text-editor.default\">\n\t\t\t\t<div class=\"elementor-widget-container\">\n\t\t\t\t\t\t\t\t\t<p>Die Allgemeinen Gesch\u00e4ftsbedingungen gelten sofern, nicht schriftlich davon abweichende Bestimmungen vertraglich vereinbart wurden.<\/p>\t\t\t\t\t\t\t\t<\/div>\n\t\t\t\t<\/div>\n\t\t\t\t\t<\/div>\n\t\t<\/div>\n\t\t\t\t\t<\/div>\n\t\t<\/section>\n\t\t\t\t<section class=\"elementor-section elementor-top-section elementor-element elementor-element-c3f4714 elementor-section-boxed elementor-section-height-default elementor-section-height-default\" data-id=\"c3f4714\" data-element_type=\"section\" data-e-type=\"section\">\n\t\t\t\t\t\t<div class=\"elementor-container elementor-column-gap-default\">\n\t\t\t\t\t<div class=\"elementor-column elementor-col-100 elementor-top-column elementor-element elementor-element-a457f66\" data-id=\"a457f66\" data-element_type=\"column\" data-e-type=\"column\">\n\t\t\t<div class=\"elementor-widget-wrap elementor-element-populated\">\n\t\t\t\t\t\t<div class=\"elementor-element elementor-element-25c65c8 elementor-widget elementor-widget-spacer\" data-id=\"25c65c8\" data-element_type=\"widget\" data-e-type=\"widget\" data-widget_type=\"spacer.default\">\n\t\t\t\t<div class=\"elementor-widget-container\">\n\t\t\t\t\t\t\t<div class=\"elementor-spacer\">\n\t\t\t<div class=\"elementor-spacer-inner\"><\/div>\n\t\t<\/div>\n\t\t\t\t\t\t<\/div>\n\t\t\t\t<\/div>\n\t\t\t\t\t<\/div>\n\t\t<\/div>\n\t\t\t\t\t<\/div>\n\t\t<\/section>\n\t\t\t\t<section class=\"elementor-section elementor-top-section elementor-element elementor-element-2cd71ae elementor-section-boxed elementor-section-height-default elementor-section-height-default\" data-id=\"2cd71ae\" data-element_type=\"section\" data-e-type=\"section\">\n\t\t\t\t\t\t<div class=\"elementor-container elementor-column-gap-default\">\n\t\t\t\t\t<div class=\"elementor-column elementor-col-100 elementor-top-column elementor-element elementor-element-e6fc4c8\" data-id=\"e6fc4c8\" data-element_type=\"column\" data-e-type=\"column\">\n\t\t\t<div class=\"elementor-widget-wrap elementor-element-populated\">\n\t\t\t\t\t\t<div class=\"elementor-element elementor-element-fed02c0 elementor-widget elementor-widget-heading\" data-id=\"fed02c0\" data-element_type=\"widget\" data-e-type=\"widget\" data-widget_type=\"heading.default\">\n\t\t\t\t<div class=\"elementor-widget-container\">\n\t\t\t\t\t<h1 class=\"elementor-heading-title elementor-size-default\">TfP Shootings<\/h1>\t\t\t\t<\/div>\n\t\t\t\t<\/div>\n\t\t\t\t\t<\/div>\n\t\t<\/div>\n\t\t\t\t\t<\/div>\n\t\t<\/section>\n\t\t\t\t<section class=\"elementor-section elementor-top-section elementor-element elementor-element-484e4bd elementor-section-boxed elementor-section-height-default elementor-section-height-default\" data-id=\"484e4bd\" data-element_type=\"section\" data-e-type=\"section\">\n\t\t\t\t\t\t<div class=\"elementor-container elementor-column-gap-default\">\n\t\t\t\t\t<div class=\"elementor-column elementor-col-100 elementor-top-column elementor-element elementor-element-38122b6\" data-id=\"38122b6\" data-element_type=\"column\" data-e-type=\"column\">\n\t\t\t<div class=\"elementor-widget-wrap elementor-element-populated\">\n\t\t\t\t\t\t<div class=\"elementor-element elementor-element-8ecd5d0 elementor-widget elementor-widget-text-editor\" data-id=\"8ecd5d0\" data-element_type=\"widget\" data-e-type=\"widget\" data-widget_type=\"text-editor.default\">\n\t\t\t\t<div class=\"elementor-widget-container\">\n\t\t\t\t\t\t\t\t\t<p>TfP steht f\u00fcr &#8222;Time for Picture&#8220; und wird meist bei konkreten W\u00fcnschen meinerseits, besonders aufwendigen Outfits und bei Freunden angewendet. Auch f\u00fcr TfP Veranstaltungen gelten diese Regeln, sofern nicht anders abgesprochen.<\/p><p>\u00a0<\/p><p>Was wird bearbeitet?<\/p><p>es wird ein Bild meiner Wahl kostenlos als Leistung erbracht. Art und Umfang der Bearbeitung sind mir \u00fcberlassen. Nach Vollendung wird R\u00fccksprache mit dem Model gehalten und ggf. auf kleinere W\u00fcnsche eingegangen.<\/p><p>\u00a0<\/p><p>Wie viel wird bearbeitet?<\/p><p>Grunds\u00e4tzlich wird zur Eind\u00e4mmung meiner Workload ein Bild pro Person fertig gestellt. Ggf. wird dies auf ein Bild pro Setup erh\u00f6ht. Die Abgabe der Bilder erfolgt nach Priorit\u00e4t. Zahlende Kunden und das weitere Leben gehen vor Freizeitshootings, wie TfP vor! Dr\u00e4ngeln und Nachfragen ist jedoch ausdr\u00fccklich erlaubt und erw\u00fcnscht.<\/p><p>\u00a0<\/p><p>Ver\u00f6ffentlichung &amp; Nutzungsrechte<\/p><p>Das Bild wird erst ver\u00f6ffentlicht, wenn es von beiden Parteien dazu freigegeben wurde. Beide Parteien d\u00fcrfen das im Rahmen des TfP-Vertrages erstellte Bild f\u00fcr nicht-kommerzielle Zwecke verwenden. Werbung auf der eigenen Website und Social Media sind mit Namensnennung aller Beteiligten (mindestens jedoch Fotografin und Model) erlaubt. Kommerzielle Nutzung ist vorl\u00e4ufig ausgeschlossen und bedarf einer gesonderten Anfrage und Lizenzierungsvereinbarung.<\/p>\t\t\t\t\t\t\t\t<\/div>\n\t\t\t\t<\/div>\n\t\t\t\t\t<\/div>\n\t\t<\/div>\n\t\t\t\t\t<\/div>\n\t\t<\/section>\n\t\t\t\t<section class=\"elementor-section elementor-top-section elementor-element elementor-element-509506a elementor-section-boxed elementor-section-height-default elementor-section-height-default\" data-id=\"509506a\" data-element_type=\"section\" data-e-type=\"section\">\n\t\t\t\t\t\t<div class=\"elementor-container elementor-column-gap-default\">\n\t\t\t\t\t<div class=\"elementor-column elementor-col-100 elementor-top-column elementor-element elementor-element-604a89b\" data-id=\"604a89b\" data-element_type=\"column\" data-e-type=\"column\">\n\t\t\t<div class=\"elementor-widget-wrap elementor-element-populated\">\n\t\t\t\t\t\t<div class=\"elementor-element elementor-element-542328a elementor-widget elementor-widget-spacer\" data-id=\"542328a\" data-element_type=\"widget\" data-e-type=\"widget\" data-widget_type=\"spacer.default\">\n\t\t\t\t<div class=\"elementor-widget-container\">\n\t\t\t\t\t\t\t<div class=\"elementor-spacer\">\n\t\t\t<div class=\"elementor-spacer-inner\"><\/div>\n\t\t<\/div>\n\t\t\t\t\t\t<\/div>\n\t\t\t\t<\/div>\n\t\t\t\t<div class=\"elementor-element elementor-element-3bb7a14 elementor-widget elementor-widget-heading\" data-id=\"3bb7a14\" data-element_type=\"widget\" data-e-type=\"widget\" data-widget_type=\"heading.default\">\n\t\t\t\t<div class=\"elementor-widget-container\">\n\t\t\t\t\t<h1 class=\"elementor-heading-title elementor-size-default\">Was ist wenn ich mehr will?<\/h1>\t\t\t\t<\/div>\n\t\t\t\t<\/div>\n\t\t\t\t\t<\/div>\n\t\t<\/div>\n\t\t\t\t\t<\/div>\n\t\t<\/section>\n\t\t\t\t<section class=\"elementor-section elementor-top-section elementor-element elementor-element-76810ea elementor-section-boxed elementor-section-height-default elementor-section-height-default\" data-id=\"76810ea\" data-element_type=\"section\" data-e-type=\"section\">\n\t\t\t\t\t\t<div class=\"elementor-container elementor-column-gap-default\">\n\t\t\t\t\t<div class=\"elementor-column elementor-col-100 elementor-top-column elementor-element elementor-element-3c1c570\" data-id=\"3c1c570\" data-element_type=\"column\" data-e-type=\"column\">\n\t\t\t<div class=\"elementor-widget-wrap elementor-element-populated\">\n\t\t\t\t\t\t<div class=\"elementor-element elementor-element-1c26dc2 elementor-widget elementor-widget-text-editor\" data-id=\"1c26dc2\" data-element_type=\"widget\" data-e-type=\"widget\" data-widget_type=\"text-editor.default\">\n\t\t\t\t<div class=\"elementor-widget-container\">\n\t\t\t\t\t\t\t\t\t<p>Hierzu gilt das Angebot einer Nachbearbeitung. Diese sind bei Bedarf anzufragen. Die Preise richten sich nach Aufwand der Nachbearbeitung, sind jedoch g\u00fcnstiger als die unter &#8222;Digitale Bearbeitung&#8220; zu findenden Angebote \ud83d\ude09 Fragt mich dazu gern an oder schaut auf Instagram in den &#8222;Specials&#8220; nach. Dort gibt es meistens aktuelle Preistabellen und alle laufenden Angebote zu sehen.<\/p>\t\t\t\t\t\t\t\t<\/div>\n\t\t\t\t<\/div>\n\t\t\t\t\t<\/div>\n\t\t<\/div>\n\t\t\t\t\t<\/div>\n\t\t<\/section>\n\t\t\t\t<section class=\"elementor-section elementor-top-section elementor-element elementor-element-792c886 elementor-section-boxed elementor-section-height-default elementor-section-height-default\" data-id=\"792c886\" data-element_type=\"section\" data-e-type=\"section\">\n\t\t\t\t\t\t<div class=\"elementor-container elementor-column-gap-default\">\n\t\t\t\t\t<div class=\"elementor-column elementor-col-100 elementor-top-column elementor-element elementor-element-0387980\" data-id=\"0387980\" data-element_type=\"column\" data-e-type=\"column\">\n\t\t\t<div class=\"elementor-widget-wrap elementor-element-populated\">\n\t\t\t\t\t\t<div class=\"elementor-element elementor-element-8955a19 elementor-widget elementor-widget-spacer\" data-id=\"8955a19\" data-element_type=\"widget\" data-e-type=\"widget\" data-widget_type=\"spacer.default\">\n\t\t\t\t<div class=\"elementor-widget-container\">\n\t\t\t\t\t\t\t<div class=\"elementor-spacer\">\n\t\t\t<div class=\"elementor-spacer-inner\"><\/div>\n\t\t<\/div>\n\t\t\t\t\t\t<\/div>\n\t\t\t\t<\/div>\n\t\t\t\t<div class=\"elementor-element elementor-element-56bf1c2 elementor-widget elementor-widget-heading\" data-id=\"56bf1c2\" data-element_type=\"widget\" data-e-type=\"widget\" data-widget_type=\"heading.default\">\n\t\t\t\t<div class=\"elementor-widget-container\">\n\t\t\t\t\t<h1 class=\"elementor-heading-title elementor-size-default\">Pay Shooting<\/h1>\t\t\t\t<\/div>\n\t\t\t\t<\/div>\n\t\t\t\t\t<\/div>\n\t\t<\/div>\n\t\t\t\t\t<\/div>\n\t\t<\/section>\n\t\t\t\t<section class=\"elementor-section elementor-top-section elementor-element elementor-element-a34315d elementor-section-boxed elementor-section-height-default elementor-section-height-default\" data-id=\"a34315d\" data-element_type=\"section\" data-e-type=\"section\">\n\t\t\t\t\t\t<div class=\"elementor-container elementor-column-gap-default\">\n\t\t\t\t\t<div class=\"elementor-column elementor-col-100 elementor-top-column elementor-element elementor-element-b198f2c\" data-id=\"b198f2c\" data-element_type=\"column\" data-e-type=\"column\">\n\t\t\t<div class=\"elementor-widget-wrap elementor-element-populated\">\n\t\t\t\t\t\t<div class=\"elementor-element elementor-element-b5942b5 elementor-widget elementor-widget-text-editor\" data-id=\"b5942b5\" data-element_type=\"widget\" data-e-type=\"widget\" data-widget_type=\"text-editor.default\">\n\t\t\t\t<div class=\"elementor-widget-container\">\n\t\t\t\t\t\t\t\t\t<p>Wird ein Shooting gebucht, werden individuell Konditionen abgesprochen. Online sind vereinzelt Angebote zu g\u00fcnstigen Festpreisen zu finden. Schaut dazu vor allem bei Instagram vorbei unter &#8222;Specials&#8220;.<\/p><p>\u00a0<\/p><p>Wof\u00fcr zahle ich?<\/p><p>Ein Pay Shooting beinhaltet eine ausf\u00fchrliche, gemeinsame Vorbereitung und Absprache des Shooting Ortes und des Themas.Neben der Anfahrt und meinem Equipment, werde ich dir vor Ort bei allem behilflich sein. Gern gebe ich dir Posing Anweisungen und inszeniere dich nach deinen W\u00fcnschen. Nach dem Shooting bekommst du eine Vorschau der gemachten Bilder aus denen du deine Favoriten w\u00e4hlen kannst. Die erh\u00e4lst du in der Regel direkt am n\u00e4chsten Tag. Von den ausgew\u00e4hlten Bildern wird die vorab besprochene Anzahl an Bildern in meinem Stil bearbeitet und dir so bald wie m\u00f6glich zur Verf\u00fcgung gestellt. Je nach Anzahl und Workload kann dies 1-3 Wochen dauern. F\u00fcr die fertigen Bilder erh\u00e4lst du einen Downloadlink in meiner gesicherten Cloud. Die Bilder werden meist in voller Aufl\u00f6sung (_full) und klein gerendert f\u00fcr Social Media (_insta) angeboten. Sollte dir noch etwas auffallen, st\u00f6ren oder noch W\u00fcnsche bestehen, wird darauf gern eingegangen. Du erh\u00e4lst dann regelm\u00e4\u00dfig Updates, wenn es neues zu sehen gibt. Der Auftrag gilt als Abgeschlossen, wenn alle Bilder dein Okay bekommen haben!<\/p><p>\u00a0<\/p><p>Optional:<\/p><ul><li>Ggf. kann mein Fundus an Outfits, Waffen und Acessoires dazu gebucht werden. Dieser ist auf Instagram einsehbar. Sprech mich gern dazu an.<\/li><li>MakeUp ist bei mir bisher nicht m\u00f6glich, es sei denn, du traus meinen st\u00fcmerhaften Kenntnissen das zu.. Doch kannst du eine MUA dazu buchen oder dir von mir digitales MakeUp w\u00fcnschen!<\/li><\/ul><p>\u00a0<\/p><p>Orte<\/p><p>In Oelde stelle ich mein Indoor Studio mit verschiedenen Hintergr\u00fcnden, Lichtern und Fantasy Sets zur Verf\u00fcgung. Letzere \u00e4ndern sich meist saisonal. Outdoor sind zudem in meinem Garten, sowie in n\u00e4herer Umgebung verschiedene sch\u00f6ne Motive zu finden. Schaue dazu gern auf Instagram unter meine Locations. Gern k\u00f6nnen auch weiter entfernte Orte genutzt werden. mobil bin ich dazu in NRW vom M\u00fcnsterland bis K\u00f6ln\/D\u00fcsseldorf. Ggf. wird eine Anfahrtspauschale f\u00fcr Strecken \u00fcber 70 km Entfernung von Oelde berechnet.<\/p><p>\u00a0<\/p><p>Zahlung<\/p><p>Zahlung von Pay Shootings und Nachbearbeitungen erfolgen immer Vorab. Ggf. wird eine Anzahlung zur Termin-Reservierung veranschlagt, welche bei kurzfristiger Absage (weniger als 10 Tage im Vorraus) nicht zur\u00fcckgezahlt wird. Das Shooting kann in diesem Fall an eine andere Person vermittelt werden, oder zu einem anderen Zeitpunkt nochmals versucht werden.<\/p>\t\t\t\t\t\t\t\t<\/div>\n\t\t\t\t<\/div>\n\t\t\t\t\t<\/div>\n\t\t<\/div>\n\t\t\t\t\t<\/div>\n\t\t<\/section>\n\t\t\t\t<section class=\"elementor-section elementor-top-section elementor-element elementor-element-71464e7 elementor-section-boxed elementor-section-height-default elementor-section-height-default\" data-id=\"71464e7\" data-element_type=\"section\" data-e-type=\"section\">\n\t\t\t\t\t\t<div class=\"elementor-container elementor-column-gap-default\">\n\t\t\t\t\t<div class=\"elementor-column elementor-col-100 elementor-top-column elementor-element elementor-element-7730982\" data-id=\"7730982\" data-element_type=\"column\" data-e-type=\"column\">\n\t\t\t<div class=\"elementor-widget-wrap elementor-element-populated\">\n\t\t\t\t\t\t<div class=\"elementor-element elementor-element-2ad590c elementor-widget elementor-widget-spacer\" data-id=\"2ad590c\" data-element_type=\"widget\" data-e-type=\"widget\" data-widget_type=\"spacer.default\">\n\t\t\t\t<div class=\"elementor-widget-container\">\n\t\t\t\t\t\t\t<div class=\"elementor-spacer\">\n\t\t\t<div class=\"elementor-spacer-inner\"><\/div>\n\t\t<\/div>\n\t\t\t\t\t\t<\/div>\n\t\t\t\t<\/div>\n\t\t\t\t\t<\/div>\n\t\t<\/div>\n\t\t\t\t\t<\/div>\n\t\t<\/section>\n\t\t\t\t<\/div>","protected":false},"excerpt":{"rendered":"<p class=\"excerpt\">AGB &amp; FAQ Die Allgemeinen Gesch\u00e4ftsbedingungen gelten sofern, nicht schriftlich davon abweichende Bestimmungen vertraglich vereinbart wurden. TfP Shootings TfP steht f\u00fcr &#8222;Time for Picture&#8220; und wird meist bei konkreten W\u00fcnschen meinerseits, besonders aufwendigen Outfits und bei Freunden angewendet. Auch f\u00fcr TfP Veranstaltungen gelten diese Regeln, sofern nicht anders abgesprochen. \u00a0 Was wird bearbeitet? es wird [&hellip;]<\/p>\n","protected":false},"author":1,"featured_media":0,"parent":0,"menu_order":0,"comment_status":"closed","ping_status":"closed","template":"template-blank.php","meta":{"footnotes":""},"class_list":["post-830","page","type-page","status-publish","hentry"],"_links":{"self":[{"href":"https:\/\/mialeekreativ.de\/en\/wp-json\/wp\/v2\/pages\/830","targetHints":{"allow":["GET"]}}],"collection":[{"href":"https:\/\/mialeekreativ.de\/en\/wp-json\/wp\/v2\/pages"}],"about":[{"href":"https:\/\/mialeekreativ.de\/en\/wp-json\/wp\/v2\/types\/page"}],"author":[{"embeddable":true,"href":"https:\/\/mialeekreativ.de\/en\/wp-json\/wp\/v2\/users\/1"}],"replies":[{"embeddable":true,"href":"https:\/\/mialeekreativ.de\/en\/wp-json\/wp\/v2\/comments?post=830"}],"version-history":[{"count":5,"href":"https:\/\/mialeekreativ.de\/en\/wp-json\/wp\/v2\/pages\/830\/revisions"}],"predecessor-version":[{"id":835,"href":"https:\/\/mialeekreativ.de\/en\/wp-json\/wp\/v2\/pages\/830\/revisions\/835"}],"wp:attachment":[{"href":"https:\/\/mialeekreativ.de\/en\/wp-json\/wp\/v2\/media?parent=830"}],"curies":[{"name":"wp","href":"https:\/\/api.w.org\/{rel}","templated":true}]}}