{"id":71,"date":"2019-06-14T08:58:02","date_gmt":"2019-06-14T08:58:02","guid":{"rendered":"http:\/\/mialeekreativ.de\/wp\/?page_id=71"},"modified":"2024-10-17T18:25:55","modified_gmt":"2024-10-17T18:25:55","slug":"about","status":"publish","type":"page","link":"https:\/\/mialeekreativ.de\/en\/about\/","title":{"rendered":"About me"},"content":{"rendered":"\t\t<div data-elementor-type=\"wp-page\" data-elementor-id=\"71\" class=\"elementor elementor-71\" data-elementor-post-type=\"page\">\n\t\t\t\t\t\t<section class=\"elementor-section elementor-top-section elementor-element elementor-element-de280cb elementor-section-boxed elementor-section-height-default elementor-section-height-default\" data-id=\"de280cb\" data-element_type=\"section\" data-e-type=\"section\">\n\t\t\t\t\t\t<div class=\"elementor-container elementor-column-gap-default\">\n\t\t\t\t\t<div class=\"elementor-column elementor-col-100 elementor-top-column elementor-element elementor-element-3738a099\" data-id=\"3738a099\" data-element_type=\"column\" data-e-type=\"column\">\n\t\t\t<div class=\"elementor-widget-wrap elementor-element-populated\">\n\t\t\t\t\t\t<div class=\"elementor-element elementor-element-b219933 elementor-widget elementor-widget-spacer\" data-id=\"b219933\" data-element_type=\"widget\" data-e-type=\"widget\" data-widget_type=\"spacer.default\">\n\t\t\t\t<div class=\"elementor-widget-container\">\n\t\t\t\t\t\t\t<div class=\"elementor-spacer\">\n\t\t\t<div class=\"elementor-spacer-inner\"><\/div>\n\t\t<\/div>\n\t\t\t\t\t\t<\/div>\n\t\t\t\t<\/div>\n\t\t\t\t\t<\/div>\n\t\t<\/div>\n\t\t\t\t\t<\/div>\n\t\t<\/section>\n\t\t\t\t<section class=\"elementor-section elementor-top-section elementor-element elementor-element-d8daa0a elementor-section-boxed elementor-section-height-default elementor-section-height-default\" data-id=\"d8daa0a\" data-element_type=\"section\" data-e-type=\"section\">\n\t\t\t\t\t\t\t<div class=\"elementor-background-overlay\"><\/div>\n\t\t\t\t\t\t\t<div class=\"elementor-container elementor-column-gap-default\">\n\t\t\t\t\t<div class=\"elementor-column elementor-col-33 elementor-top-column elementor-element elementor-element-833ca0f\" data-id=\"833ca0f\" data-element_type=\"column\" data-e-type=\"column\">\n\t\t\t<div class=\"elementor-widget-wrap elementor-element-populated\">\n\t\t\t\t\t\t<div class=\"elementor-element elementor-element-1ac1a42 elementor-widget elementor-widget-heading\" data-id=\"1ac1a42\" data-element_type=\"widget\" data-e-type=\"widget\" data-widget_type=\"heading.default\">\n\t\t\t\t<div class=\"elementor-widget-container\">\n\t\t\t\t\t<h2 class=\"elementor-heading-title elementor-size-xl\">\u00dcber Mialee<\/h2>\t\t\t\t<\/div>\n\t\t\t\t<\/div>\n\t\t\t\t<div class=\"elementor-element elementor-element-d26de89 elementor-widget elementor-widget-text-editor\" data-id=\"d26de89\" data-element_type=\"widget\" data-e-type=\"widget\" data-widget_type=\"text-editor.default\">\n\t\t\t\t<div class=\"elementor-widget-container\">\n\t\t\t\t\t\t\t\t\t<p>In einer Welt, in der sich die Algorithmen st\u00e4ndig \u00e4ndern und es eine Vielzahl von sozialen Medien gibt, hatte ich die Gelegenheit, eine eigene Website zu haben, von daher: Hier ist sie!<\/p><p>\u00a0<\/p><p><strong>\u00dcber Mich<\/strong><\/p><p>ich bin gelernte Biologin und Landschaft\u00f6kologin und m\u00f6chte diesen Passionen auch weiterhin hauptberuflich nachgehen, indem ich mich f\u00fcr den Naturschutz einsetze. In meiner Freizeit k\u00fcmmere ich mich zudem ehrenamtlich um kranke und verletzte Fundtiere &#8211; haupts\u00e4chlich in Bezug auf Flederm\u00e4use. Doch habe ich es schon immer geliebt, mich kreativ auszudr\u00fccken und neue Wege zu erkunden, um dies zu tun. Schon seit vielen Jahren habe ich die Kunst der Fotografie f\u00fcr mich entdeckt, die ich gerne weiter erforschen und mit anderen teilen w\u00fcrde! Diese Plattform soll haupts\u00e4chlich dazu dienen, einen \u00dcberblick \u00fcber meine Werke zu geben und vielleicht Inspiration f\u00fcr die eigenen kreativen Arbeiten zu finden! Daher werde ich versuchen, auch einige meiner anderen Handwerksprojekte hier zu pr\u00e4sentieren!<\/p><p>\u00a0<\/p><p><strong>Meine Fotografie<\/strong><\/p><p>F\u00fcr mich war die Fotografie haupts\u00e4chlich ein Hobby. Doch sind auch die Freizeitprojekte in den letzten Jahren immer gr\u00f6\u00dfer geworden und vor Allem nahm die Nacharbeit der Bilder immer mehr Zeit und M\u00fche in Anspruch. Daher versuche ich seit kurzem mein Hobby zum Beruf zu machen!<\/p><p>\u00a0<\/p><p>Meine Art der Fotografie kann als <strong>inzinierte fantasy Fotografie<\/strong> bezeichnet werden, da ich gern Menschen in fantastische Szenen setze! Am liebsten an einer entsprechenen Kulisse. Diese kann ein Schloss, Ruine, Wald und und und sein. Auch im Studio baue ich gern, kleinere thematische Kulissen auf, sodass auch bei schlechtem Wetter, ein verzauberter Wald zur Verf\u00fcgung steht! Der Kreativit\u00e4t sind also keine Grenzen gesetzt!<\/p><p>\u00a0<\/p><p>Inzwischen versuche ich zudem, auf beiden Seiten der Kamera zu stehen. Einerseits, um meine handwerklichen Arbeiten in Bezug auf Cosplay und meine N\u00e4h-Experimente zu zeigen. Andererseits aber auch, um selbst posing Erfahrungen zu machen, um diese an Modelle weiter geben zu k\u00f6nnen.<\/p><p>\u00a0<\/p><p><strong>Warum &#8222;Mialee&#8220;?<\/strong><\/p><p>Mein tats\u00e4chlicher Name ist Lena Brenstein. Da da mein Vorname zu allgemein und mein Nachname leicht falsch geschrieben werden kann, habe ich irgendwie Mialee als mein Markenzeichen angenommen &#8230; und ja, es gibt eine Geschichte dazu, sogar zwei, um genau zu sein! Als Kind liebte ich diesen Namen, als ich von dem elfischen Paladin in Dungeons &amp; Dragons las. Doch zudem, ist es eine Kombination meiner drei Vornamen (ja, drei &#8230;)!<\/p><p>\u00a0<\/p><p><strong>Kontakt<\/strong><\/p><p>Kontaktieren Sie mich gerne, wenn Sie ein Projekt im Kopf haben!<\/p><p>Derzeit bin ich flexibel in NRW zu erreichen und habe ein Studio in der kleinen, doch gut angebundenen Stadt Oelde. <\/p><p>\u00a0<\/p><p>Schreiben Sie mir einfach eine E-Mail an:\u00a0<span style=\"color: #008080;\"><strong><em>mialeekreativ [at] gmail.com<\/em><\/strong><\/span><\/p><p>Oder nutzen Sie die Links am Ende dieser Seite, um die Messenger-Optionen auf Instagram <strong><em><span style=\"color: #008080;\">@mialee_photography<\/span><\/em><\/strong> zu verwenden! Auf den Seiten\u00a0 @mialee_cosplay oder Facebook @mialeekreativ bin ich weniger aktiv.<\/p><p>\u00a0<\/p><p>Diese Seite ist noch immer in der Entstehungsphase, daher bitte um Geduld. Weitere Inhalte folgen sukzessive.<\/p><p>\u00a0<\/p><p><strong>Sie m\u00f6chten mich unterst\u00fctzen?<\/strong><\/p><p>Ich bin f\u00fcr jede Art von Unterst\u00fctzung dankbar!<\/p><p>F\u00fchlen Sie sich frei, meine Coffee-Seite zu besuchen!<\/p><p><a href=\"https:\/\/ko-fi.com\/mialeekreativ\" target=\"_blank\" rel=\"noopener\">https:\/\/www.ko-fi.com\/mialeekreativ<\/a><\/p>\t\t\t\t\t\t\t\t<\/div>\n\t\t\t\t<\/div>\n\t\t\t\t\t<\/div>\n\t\t<\/div>\n\t\t\t\t<div class=\"elementor-column elementor-col-33 elementor-top-column elementor-element elementor-element-749f515\" data-id=\"749f515\" data-element_type=\"column\" data-e-type=\"column\">\n\t\t\t<div class=\"elementor-widget-wrap\">\n\t\t\t\t\t\t\t<\/div>\n\t\t<\/div>\n\t\t\t\t<div class=\"elementor-column elementor-col-33 elementor-top-column elementor-element elementor-element-44c3e25\" data-id=\"44c3e25\" data-element_type=\"column\" data-e-type=\"column\">\n\t\t\t<div class=\"elementor-widget-wrap elementor-element-populated\">\n\t\t\t\t\t\t<div class=\"elementor-element elementor-element-f7c4147 elementor-widget elementor-widget-image\" data-id=\"f7c4147\" data-element_type=\"widget\" data-e-type=\"widget\" data-widget_type=\"image.default\">\n\t\t\t\t<div class=\"elementor-widget-container\">\n\t\t\t\t\t\t\t\t\t\t\t\t\t\t\t<img fetchpriority=\"high\" decoding=\"async\" width=\"1024\" height=\"1536\" src=\"https:\/\/mialeekreativ.de\/wp\/wp-content\/uploads\/2020\/03\/JA8A7700-2-1024x1536.jpg\" class=\"attachment-large size-large wp-image-286\" alt=\"\" srcset=\"https:\/\/mialeekreativ.de\/wp\/wp-content\/uploads\/2020\/03\/JA8A7700-2-1024x1536.jpg 1024w, https:\/\/mialeekreativ.de\/wp\/wp-content\/uploads\/2020\/03\/JA8A7700-2-600x900.jpg 600w, https:\/\/mialeekreativ.de\/wp\/wp-content\/uploads\/2020\/03\/JA8A7700-2-768x1152.jpg 768w, https:\/\/mialeekreativ.de\/wp\/wp-content\/uploads\/2020\/03\/JA8A7700-2-1365x2048.jpg 1365w, https:\/\/mialeekreativ.de\/wp\/wp-content\/uploads\/2020\/03\/JA8A7700-2-scaled.jpg 1707w\" sizes=\"(max-width: 1024px) 100vw, 1024px\" \/>\t\t\t\t\t\t\t\t\t\t\t\t\t\t\t<\/div>\n\t\t\t\t<\/div>\n\t\t\t\t<div class=\"elementor-element elementor-element-29e31b3 elementor-widget elementor-widget-text-editor\" data-id=\"29e31b3\" data-element_type=\"widget\" data-e-type=\"widget\" data-widget_type=\"text-editor.default\">\n\t\t\t\t<div class=\"elementor-widget-container\">\n\t\t\t\t\t\t\t\t\t<p>f\u00fcr neuere Eindr\u00fccke\u00a0<\/p><p>geht&#8217;s hier lang<\/p>\t\t\t\t\t\t\t\t<\/div>\n\t\t\t\t<\/div>\n\t\t\t\t<div class=\"elementor-element elementor-element-7519660 elementor-view-default elementor-widget elementor-widget-icon\" data-id=\"7519660\" data-element_type=\"widget\" data-e-type=\"widget\" data-widget_type=\"icon.default\">\n\t\t\t\t<div class=\"elementor-widget-container\">\n\t\t\t\t\t\t\t<div class=\"elementor-icon-wrapper\">\n\t\t\t<a class=\"elementor-icon\" href=\"https:\/\/www.facebook.com\/MialeeKreativ\/\" target=\"_blank\">\n\t\t\t<i aria-hidden=\"true\" class=\"fab fa-facebook\"><\/i>\t\t\t<\/a>\n\t\t<\/div>\n\t\t\t\t\t\t<\/div>\n\t\t\t\t<\/div>\n\t\t\t\t<div class=\"elementor-element elementor-element-03559e7 elementor-view-default elementor-widget elementor-widget-icon\" data-id=\"03559e7\" data-element_type=\"widget\" data-e-type=\"widget\" data-widget_type=\"icon.default\">\n\t\t\t\t<div class=\"elementor-widget-container\">\n\t\t\t\t\t\t\t<div class=\"elementor-icon-wrapper\">\n\t\t\t<a class=\"elementor-icon\" href=\"https:\/\/www.instagram.com\/mialee_photography\/\" target=\"_blank\">\n\t\t\t<i aria-hidden=\"true\" class=\"fab fa-instagram\"><\/i>\t\t\t<\/a>\n\t\t<\/div>\n\t\t\t\t\t\t<\/div>\n\t\t\t\t<\/div>\n\t\t\t\t\t<\/div>\n\t\t<\/div>\n\t\t\t\t\t<\/div>\n\t\t<\/section>\n\t\t\t\t<section class=\"elementor-section elementor-top-section elementor-element elementor-element-8af89ab elementor-section-boxed elementor-section-height-default elementor-section-height-default\" data-id=\"8af89ab\" data-element_type=\"section\" data-e-type=\"section\">\n\t\t\t\t\t\t<div class=\"elementor-container elementor-column-gap-default\">\n\t\t\t\t\t<div class=\"elementor-column elementor-col-100 elementor-top-column elementor-element elementor-element-eca0542\" data-id=\"eca0542\" data-element_type=\"column\" data-e-type=\"column\">\n\t\t\t<div class=\"elementor-widget-wrap elementor-element-populated\">\n\t\t\t\t\t\t<div class=\"elementor-element elementor-element-3d3e37f elementor-widget elementor-widget-spacer\" data-id=\"3d3e37f\" data-element_type=\"widget\" data-e-type=\"widget\" data-widget_type=\"spacer.default\">\n\t\t\t\t<div class=\"elementor-widget-container\">\n\t\t\t\t\t\t\t<div class=\"elementor-spacer\">\n\t\t\t<div class=\"elementor-spacer-inner\"><\/div>\n\t\t<\/div>\n\t\t\t\t\t\t<\/div>\n\t\t\t\t<\/div>\n\t\t\t\t\t<\/div>\n\t\t<\/div>\n\t\t\t\t\t<\/div>\n\t\t<\/section>\n\t\t\t\t<\/div>\n\t\t","protected":false},"excerpt":{"rendered":"<p class=\"excerpt\">\u00dcber Mialee In einer Welt, in der sich die Algorithmen st\u00e4ndig \u00e4ndern und es eine Vielzahl von sozialen Medien gibt, hatte ich die Gelegenheit, eine eigene Website zu haben, von daher: Hier ist sie! \u00a0 \u00dcber Mich ich bin gelernte Biologin und Landschaft\u00f6kologin und m\u00f6chte diesen Passionen auch weiterhin hauptberuflich nachgehen, indem ich mich f\u00fcr [&hellip;]<\/p>\n","protected":false},"author":1,"featured_media":0,"parent":0,"menu_order":1,"comment_status":"closed","ping_status":"closed","template":"template-blank.php","meta":{"footnotes":""},"class_list":["post-71","page","type-page","status-publish","hentry"],"_links":{"self":[{"href":"https:\/\/mialeekreativ.de\/en\/wp-json\/wp\/v2\/pages\/71","targetHints":{"allow":["GET"]}}],"collection":[{"href":"https:\/\/mialeekreativ.de\/en\/wp-json\/wp\/v2\/pages"}],"about":[{"href":"https:\/\/mialeekreativ.de\/en\/wp-json\/wp\/v2\/types\/page"}],"author":[{"embeddable":true,"href":"https:\/\/mialeekreativ.de\/en\/wp-json\/wp\/v2\/users\/1"}],"replies":[{"embeddable":true,"href":"https:\/\/mialeekreativ.de\/en\/wp-json\/wp\/v2\/comments?post=71"}],"version-history":[{"count":56,"href":"https:\/\/mialeekreativ.de\/en\/wp-json\/wp\/v2\/pages\/71\/revisions"}],"predecessor-version":[{"id":718,"href":"https:\/\/mialeekreativ.de\/en\/wp-json\/wp\/v2\/pages\/71\/revisions\/718"}],"wp:attachment":[{"href":"https:\/\/mialeekreativ.de\/en\/wp-json\/wp\/v2\/media?parent=71"}],"curies":[{"name":"wp","href":"https:\/\/api.w.org\/{rel}","templated":true}]}}