{"id":1028,"date":"2024-12-22T14:59:43","date_gmt":"2024-12-22T14:59:43","guid":{"rendered":"https:\/\/mialeekreativ.de\/?page_id=1028"},"modified":"2024-12-22T15:20:57","modified_gmt":"2024-12-22T15:20:57","slug":"fantasyshootingindoorstudio","status":"publish","type":"page","link":"https:\/\/mialeekreativ.de\/en\/shop\/fantasyshootingindoorstudio\/","title":{"rendered":"Fantasy Shooting Studio"},"content":{"rendered":"<div data-elementor-type=\"wp-page\" data-elementor-id=\"1028\" class=\"elementor elementor-1028\" data-elementor-post-type=\"page\">\n\t\t\t\t\t\t<section class=\"elementor-section elementor-top-section elementor-element elementor-element-1004735a elementor-section-boxed elementor-section-height-default elementor-section-height-default\" data-id=\"1004735a\" data-element_type=\"section\" data-e-type=\"section\">\n\t\t\t\t\t\t<div class=\"elementor-container elementor-column-gap-default\">\n\t\t\t\t\t<div class=\"elementor-column elementor-col-100 elementor-top-column elementor-element elementor-element-7c28feeb\" data-id=\"7c28feeb\" data-element_type=\"column\" data-e-type=\"column\">\n\t\t\t<div class=\"elementor-widget-wrap elementor-element-populated\">\n\t\t\t\t\t\t<div class=\"elementor-element elementor-element-f4b7439 elementor-widget elementor-widget-spacer\" data-id=\"f4b7439\" data-element_type=\"widget\" data-e-type=\"widget\" data-widget_type=\"spacer.default\">\n\t\t\t\t<div class=\"elementor-widget-container\">\n\t\t\t\t\t\t\t<div class=\"elementor-spacer\">\n\t\t\t<div class=\"elementor-spacer-inner\"><\/div>\n\t\t<\/div>\n\t\t\t\t\t\t<\/div>\n\t\t\t\t<\/div>\n\t\t\t\t\t<\/div>\n\t\t<\/div>\n\t\t\t\t\t<\/div>\n\t\t<\/section>\n\t\t\t\t<section class=\"elementor-section elementor-top-section elementor-element elementor-element-44e61fe9 elementor-section-boxed elementor-section-height-default elementor-section-height-default\" data-id=\"44e61fe9\" data-element_type=\"section\" data-e-type=\"section\">\n\t\t\t\t\t\t<div class=\"elementor-container elementor-column-gap-default\">\n\t\t\t\t\t<div class=\"elementor-column elementor-col-100 elementor-top-column elementor-element elementor-element-104cfcc\" data-id=\"104cfcc\" data-element_type=\"column\" data-e-type=\"column\">\n\t\t\t<div class=\"elementor-widget-wrap elementor-element-populated\">\n\t\t\t\t\t\t<div class=\"elementor-element elementor-element-59076c9f elementor-arrows-position-inside elementor-pagination-position-outside elementor-widget elementor-widget-image-carousel\" data-id=\"59076c9f\" data-element_type=\"widget\" data-e-type=\"widget\" data-settings=\"{&quot;navigation&quot;:&quot;both&quot;,&quot;autoplay&quot;:&quot;yes&quot;,&quot;pause_on_hover&quot;:&quot;yes&quot;,&quot;pause_on_interaction&quot;:&quot;yes&quot;,&quot;autoplay_speed&quot;:5000,&quot;infinite&quot;:&quot;yes&quot;,&quot;speed&quot;:500}\" data-widget_type=\"image-carousel.default\">\n\t\t\t\t<div class=\"elementor-widget-container\">\n\t\t\t\t\t\t\t<div class=\"elementor-image-carousel-wrapper swiper\" role=\"region\" aria-roledescription=\"carousel\" aria-label=\"Image Carousel\" dir=\"ltr\">\n\t\t\t<div class=\"elementor-image-carousel swiper-wrapper\" aria-live=\"off\">\n\t\t\t\t\t\t\t\t<div class=\"swiper-slide\" role=\"group\" aria-roledescription=\"slide\" aria-label=\"1 von 6\"><figure class=\"swiper-slide-inner\"><img decoding=\"async\" class=\"swiper-slide-image\" src=\"https:\/\/mialeekreativ.de\/wp\/wp-content\/uploads\/2024\/12\/JAN_1012-Bearbeitet-300x300.jpg\" alt=\"Hexe_Studio Oelde\" \/><\/figure><\/div><div class=\"swiper-slide\" role=\"group\" aria-roledescription=\"slide\" aria-label=\"2 von 6\"><figure class=\"swiper-slide-inner\"><img decoding=\"async\" class=\"swiper-slide-image\" src=\"https:\/\/mialeekreativ.de\/wp\/wp-content\/uploads\/2024\/10\/IMG_5730-1_web_insta-300x300.jpg\" alt=\"Model: Mika Cosplay\" \/><\/figure><\/div><div class=\"swiper-slide\" role=\"group\" aria-roledescription=\"slide\" aria-label=\"3 von 6\"><figure class=\"swiper-slide-inner\"><img decoding=\"async\" class=\"swiper-slide-image\" src=\"https:\/\/mialeekreativ.de\/wp\/wp-content\/uploads\/2020\/03\/IMG_8605_kopie-300x300.jpg\" alt=\"IMG_8605_kopie\" \/><\/figure><\/div><div class=\"swiper-slide\" role=\"group\" aria-roledescription=\"slide\" aria-label=\"4 von 6\"><figure class=\"swiper-slide-inner\"><img decoding=\"async\" class=\"swiper-slide-image\" src=\"https:\/\/mialeekreativ.de\/wp\/wp-content\/uploads\/2020\/05\/IMG_6112-1_kopie_web-300x300.jpg\" alt=\"Model: Luya Starchild\" \/><\/figure><\/div><div class=\"swiper-slide\" role=\"group\" aria-roledescription=\"slide\" aria-label=\"5 von 6\"><figure class=\"swiper-slide-inner\"><img decoding=\"async\" class=\"swiper-slide-image\" src=\"https:\/\/mialeekreativ.de\/wp\/wp-content\/uploads\/2024\/12\/IMG_7184-1_web_insta_enhanced2-300x300.jpg\" alt=\"IMG_7184-1_web_insta_enhanced2\" \/><\/figure><\/div><div class=\"swiper-slide\" role=\"group\" aria-roledescription=\"slide\" aria-label=\"6 von 6\"><figure class=\"swiper-slide-inner\"><img decoding=\"async\" class=\"swiper-slide-image\" src=\"https:\/\/mialeekreativ.de\/wp\/wp-content\/uploads\/2024\/12\/JAN_0986-Bearbeitet-300x300.jpg\" alt=\"JAN_0986-Bearbeitet\" \/><\/figure><\/div>\t\t\t<\/div>\n\t\t\t\t\t\t\t\t\t\t\t\t<div class=\"elementor-swiper-button elementor-swiper-button-prev\" role=\"button\" tabindex=\"0\">\n\t\t\t\t\t\t<i aria-hidden=\"true\" class=\"eicon-chevron-left\"><\/i>\t\t\t\t\t<\/div>\n\t\t\t\t\t<div class=\"elementor-swiper-button elementor-swiper-button-next\" role=\"button\" tabindex=\"0\">\n\t\t\t\t\t\t<i aria-hidden=\"true\" class=\"eicon-chevron-right\"><\/i>\t\t\t\t\t<\/div>\n\t\t\t\t\n\t\t\t\t\t\t\t\t\t<div class=\"swiper-pagination\"><\/div>\n\t\t\t\t\t\t\t\t\t<\/div>\n\t\t\t\t\t\t<\/div>\n\t\t\t\t<\/div>\n\t\t\t\t\t<\/div>\n\t\t<\/div>\n\t\t\t\t\t<\/div>\n\t\t<\/section>\n\t\t\t\t<section class=\"elementor-section elementor-top-section elementor-element elementor-element-264c316c elementor-section-boxed elementor-section-height-default elementor-section-height-default\" data-id=\"264c316c\" data-element_type=\"section\" data-e-type=\"section\">\n\t\t\t\t\t\t<div class=\"elementor-container elementor-column-gap-default\">\n\t\t\t\t\t<div class=\"elementor-column elementor-col-50 elementor-top-column elementor-element elementor-element-506ee2eb\" data-id=\"506ee2eb\" data-element_type=\"column\" data-e-type=\"column\">\n\t\t\t<div class=\"elementor-widget-wrap elementor-element-populated\">\n\t\t\t\t\t\t<div class=\"elementor-element elementor-element-70fcb52f elementor-widget elementor-widget-heading\" data-id=\"70fcb52f\" data-element_type=\"widget\" data-e-type=\"widget\" data-widget_type=\"heading.default\">\n\t\t\t\t<div class=\"elementor-widget-container\">\n\t\t\t\t\t<h2 class=\"elementor-heading-title elementor-size-default\">Fantasy Shooting Studio Oelde<\/h2>\t\t\t\t<\/div>\n\t\t\t\t<\/div>\n\t\t\t\t\t<\/div>\n\t\t<\/div>\n\t\t\t\t<div class=\"elementor-column elementor-col-50 elementor-top-column elementor-element elementor-element-34e48120\" data-id=\"34e48120\" data-element_type=\"column\" data-e-type=\"column\">\n\t\t\t<div class=\"elementor-widget-wrap\">\n\t\t\t\t\t\t\t<\/div>\n\t\t<\/div>\n\t\t\t\t\t<\/div>\n\t\t<\/section>\n\t\t\t\t<section class=\"elementor-section elementor-top-section elementor-element elementor-element-5b238259 elementor-section-boxed elementor-section-height-default elementor-section-height-default\" data-id=\"5b238259\" data-element_type=\"section\" data-e-type=\"section\">\n\t\t\t\t\t\t<div class=\"elementor-container elementor-column-gap-default\">\n\t\t\t\t\t<div class=\"elementor-column elementor-col-50 elementor-top-column elementor-element elementor-element-63089782\" data-id=\"63089782\" data-element_type=\"column\" data-e-type=\"column\">\n\t\t\t<div class=\"elementor-widget-wrap elementor-element-populated\">\n\t\t\t\t\t\t<div class=\"elementor-element elementor-element-47fc8df9 elementor-widget elementor-widget-heading\" data-id=\"47fc8df9\" data-element_type=\"widget\" data-e-type=\"widget\" data-widget_type=\"heading.default\">\n\t\t\t\t<div class=\"elementor-widget-container\">\n\t\t\t\t\t<h3 class=\"elementor-heading-title elementor-size-default\">Was erwartet dich?<\/h3>\t\t\t\t<\/div>\n\t\t\t\t<\/div>\n\t\t\t\t<div class=\"elementor-element elementor-element-4fbe6dd8 elementor-widget elementor-widget-text-editor\" data-id=\"4fbe6dd8\" data-element_type=\"widget\" data-e-type=\"widget\" data-widget_type=\"text-editor.default\">\n\t\t\t\t<div class=\"elementor-widget-container\">\n\t\t\t\t\t\t\t\t\t<p>Die Option ist perfekt, wenn du dich aus dem Alltag in eine Fantasiewelt fl\u00fcchten m\u00f6chtest!<\/p><p>\u00a0<\/p><p>In unserem privaten Fotostudio, hast du die M\u00f6glichkeit dich voll auszutoben! Wir spielen mit Licht und Schatten und Nutzen die Hintergr\u00fcnde und Sets, die das kleine Studio bieten!<\/p><p>\u00a0<\/p><p>Mein Fundus h\u00e4lt einiges f\u00fcr dich bereit! Lass dein inneres Fabelweses aus dir sprechen, ob kriegerisch mit Schwert, festlich elegant oder verspielt mit Feenfl\u00fcgeln! Zusammen er\u00f6rtern wir ein f\u00fcr dich zugeschsnittenes Konzept!<\/p><p style=\"padding-left: 40px;\">\u00a0<\/p>\t\t\t\t\t\t\t\t<\/div>\n\t\t\t\t<\/div>\n\t\t\t\t<div class=\"elementor-element elementor-element-774a9701 elementor-widget elementor-widget-heading\" data-id=\"774a9701\" data-element_type=\"widget\" data-e-type=\"widget\" data-widget_type=\"heading.default\">\n\t\t\t\t<div class=\"elementor-widget-container\">\n\t\t\t\t\t<h3 class=\"elementor-heading-title elementor-size-default\">Was du bekommst:<\/h3>\t\t\t\t<\/div>\n\t\t\t\t<\/div>\n\t\t\t\t<div class=\"elementor-element elementor-element-10d3f99 elementor-widget elementor-widget-text-editor\" data-id=\"10d3f99\" data-element_type=\"widget\" data-e-type=\"widget\" data-widget_type=\"text-editor.default\">\n\t\t\t\t<div class=\"elementor-widget-container\">\n\t\t\t\t\t\t\t\t\t<p>+ gemeinsames Beratungsgespr\u00e4ch zu M\u00f6glichkeiten und deinem Konzept<\/p><p>\u00a0<\/p><p>+ Shooting mit professionellem Equipment im privaten Studio in Oelde von etwa 2 Stunden Umfang<\/p><p>\u00a0<\/p><p>+ Mein Fundus zur Auswahl zur Umsetzung kreativer Ideen<\/p><p>\u00a0<\/p><p>+ seperates Umkleide-Zimmer f\u00fcr maximale Privatsph\u00e4re.<\/p><p>\u00a0<\/p><p>+ eine Bildergalerie mit Vorschaubildern zur eignenen Auswahl deiner Favoriten<\/p><p>\u00a0<\/p><p>+<span style=\"color: #008080;\"><strong> 2 Advanced<\/strong><\/span> bearbeitete Bild mit hochaufl\u00f6sender Hautretouche, und Glanz- und Lichteffekten<\/p><p>\u00a0<\/p><p>+<span style=\"color: #008080;\"><strong> 1 High Fantasy<\/strong><\/span> bearbeitetes Bild mit hochaufl\u00f6sender Hautretouche, erweiterten Farbanpassungen, Glanz- und Lichteffekten, sowie abgestimmten special Effekts<\/p><p>\u00a0<\/p><p>+ Lizenz zur nichtkommerziellen Nutzung, dies schliesst die Nutzung von Portraits f\u00fcr Bewerbungen oder auf Social Media Profilen mit ein!<\/p>\t\t\t\t\t\t\t\t<\/div>\n\t\t\t\t<\/div>\n\t\t\t\t\t<\/div>\n\t\t<\/div>\n\t\t\t\t<div class=\"elementor-column elementor-col-50 elementor-top-column elementor-element elementor-element-6b6d055d\" data-id=\"6b6d055d\" data-element_type=\"column\" data-e-type=\"column\">\n\t\t\t<div class=\"elementor-widget-wrap elementor-element-populated\">\n\t\t\t\t\t\t<div class=\"elementor-element elementor-element-4e3afee1 elementor-widget elementor-widget-image\" data-id=\"4e3afee1\" data-element_type=\"widget\" data-e-type=\"widget\" data-widget_type=\"image.default\">\n\t\t\t\t<div class=\"elementor-widget-container\">\n\t\t\t\t\t\t\t\t\t\t\t\t\t\t\t<img fetchpriority=\"high\" decoding=\"async\" width=\"1024\" height=\"1539\" src=\"https:\/\/mialeekreativ.de\/wp\/wp-content\/uploads\/2024\/12\/JAN_0986-Bearbeitet-1024x1539.jpg\" class=\"attachment-large size-large wp-image-998\" alt=\"\" srcset=\"https:\/\/mialeekreativ.de\/wp\/wp-content\/uploads\/2024\/12\/JAN_0986-Bearbeitet-1024x1539.jpg 1024w, https:\/\/mialeekreativ.de\/wp\/wp-content\/uploads\/2024\/12\/JAN_0986-Bearbeitet-600x902.jpg 600w, https:\/\/mialeekreativ.de\/wp\/wp-content\/uploads\/2024\/12\/JAN_0986-Bearbeitet-768x1154.jpg 768w, https:\/\/mialeekreativ.de\/wp\/wp-content\/uploads\/2024\/12\/JAN_0986-Bearbeitet-1022x1536.jpg 1022w, https:\/\/mialeekreativ.de\/wp\/wp-content\/uploads\/2024\/12\/JAN_0986-Bearbeitet-1363x2048.jpg 1363w, https:\/\/mialeekreativ.de\/wp\/wp-content\/uploads\/2024\/12\/JAN_0986-Bearbeitet-8x12.jpg 8w, https:\/\/mialeekreativ.de\/wp\/wp-content\/uploads\/2024\/12\/JAN_0986-Bearbeitet-scaled.jpg 1703w\" sizes=\"(max-width: 1024px) 100vw, 1024px\" \/>\t\t\t\t\t\t\t\t\t\t\t\t\t\t\t<\/div>\n\t\t\t\t<\/div>\n\t\t\t\t\t<\/div>\n\t\t<\/div>\n\t\t\t\t\t<\/div>\n\t\t<\/section>\n\t\t\t\t<section class=\"elementor-section elementor-top-section elementor-element elementor-element-1e5cd3ce elementor-section-boxed elementor-section-height-default elementor-section-height-default\" data-id=\"1e5cd3ce\" data-element_type=\"section\" data-e-type=\"section\">\n\t\t\t\t\t\t<div class=\"elementor-container elementor-column-gap-default\">\n\t\t\t\t\t<div class=\"elementor-column elementor-col-100 elementor-top-column elementor-element elementor-element-17c4285\" data-id=\"17c4285\" data-element_type=\"column\" data-e-type=\"column\">\n\t\t\t<div class=\"elementor-widget-wrap elementor-element-populated\">\n\t\t\t\t\t\t<div class=\"elementor-element elementor-element-32cdad0a elementor-widget elementor-widget-heading\" data-id=\"32cdad0a\" data-element_type=\"widget\" data-e-type=\"widget\" data-widget_type=\"heading.default\">\n\t\t\t\t<div class=\"elementor-widget-container\">\n\t\t\t\t\t<h3 class=\"elementor-heading-title elementor-size-default\">Kosten<\/h3>\t\t\t\t<\/div>\n\t\t\t\t<\/div>\n\t\t\t\t\t<\/div>\n\t\t<\/div>\n\t\t\t\t\t<\/div>\n\t\t<\/section>\n\t\t\t\t<section class=\"elementor-section elementor-top-section elementor-element elementor-element-1f1b128c elementor-section-boxed elementor-section-height-default elementor-section-height-default\" data-id=\"1f1b128c\" data-element_type=\"section\" data-e-type=\"section\">\n\t\t\t\t\t\t<div class=\"elementor-container elementor-column-gap-default\">\n\t\t\t\t\t<div class=\"elementor-column elementor-col-50 elementor-top-column elementor-element elementor-element-8defb87\" data-id=\"8defb87\" data-element_type=\"column\" data-e-type=\"column\">\n\t\t\t<div class=\"elementor-widget-wrap elementor-element-populated\">\n\t\t\t\t\t\t<div class=\"elementor-element elementor-element-5aca7375 elementor-widget elementor-widget-text-editor\" data-id=\"5aca7375\" data-element_type=\"widget\" data-e-type=\"widget\" data-widget_type=\"text-editor.default\">\n\t\t\t\t<div class=\"elementor-widget-container\">\n\t\t\t\t\t\t\t\t\t<p>Grundkosten: 277 \u20ac<\/p><p>\u00a0<\/p><p>Zusatz:<\/p><p>50 \u20ac sind als Anzahlung zur Studioreservierung vorab zu zahlen. Keine R\u00fcckerstattung bei Absage unter 14 Tage vor Termin.<\/p><p>\u00a0<\/p><p>Nachbestellungen sind m\u00f6glich und erhalten 10 % Rabatt bei der Buchung!<\/p>\t\t\t\t\t\t\t\t<\/div>\n\t\t\t\t<\/div>\n\t\t\t\t\t<\/div>\n\t\t<\/div>\n\t\t\t\t<div class=\"elementor-column elementor-col-50 elementor-top-column elementor-element elementor-element-50b4c6be\" data-id=\"50b4c6be\" data-element_type=\"column\" data-e-type=\"column\">\n\t\t\t<div class=\"elementor-widget-wrap elementor-element-populated\">\n\t\t\t\t\t\t<div class=\"elementor-element elementor-element-185b5989 elementor-align-center elementor-widget elementor-widget-button\" data-id=\"185b5989\" data-element_type=\"widget\" data-e-type=\"widget\" data-widget_type=\"button.default\">\n\t\t\t\t<div class=\"elementor-widget-container\">\n\t\t\t\t\t\t\t\t\t<div class=\"elementor-button-wrapper\">\n\t\t\t\t\t<a class=\"elementor-button elementor-button-link elementor-size-sm\" href=\"\">\n\t\t\t\t\t\t<span class=\"elementor-button-content-wrapper\">\n\t\t\t\t\t\t\t\t\t<span class=\"elementor-button-text\">Jetzt Anfragen<\/span>\n\t\t\t\t\t<\/span>\n\t\t\t\t\t<\/a>\n\t\t\t\t<\/div>\n\t\t\t\t\t\t\t\t<\/div>\n\t\t\t\t<\/div>\n\t\t\t\t\t<\/div>\n\t\t<\/div>\n\t\t\t\t\t<\/div>\n\t\t<\/section>\n\t\t\t\t<section class=\"elementor-section elementor-top-section elementor-element elementor-element-51f5c330 elementor-section-boxed elementor-section-height-default elementor-section-height-default\" data-id=\"51f5c330\" data-element_type=\"section\" data-e-type=\"section\">\n\t\t\t\t\t\t<div class=\"elementor-container elementor-column-gap-default\">\n\t\t\t\t\t<div class=\"elementor-column elementor-col-100 elementor-top-column elementor-element elementor-element-25164514\" data-id=\"25164514\" data-element_type=\"column\" data-e-type=\"column\">\n\t\t\t<div class=\"elementor-widget-wrap elementor-element-populated\">\n\t\t\t\t\t\t<div class=\"elementor-element elementor-element-583d0aa8 elementor-widget elementor-widget-spacer\" data-id=\"583d0aa8\" data-element_type=\"widget\" data-e-type=\"widget\" data-widget_type=\"spacer.default\">\n\t\t\t\t<div class=\"elementor-widget-container\">\n\t\t\t\t\t\t\t<div class=\"elementor-spacer\">\n\t\t\t<div class=\"elementor-spacer-inner\"><\/div>\n\t\t<\/div>\n\t\t\t\t\t\t<\/div>\n\t\t\t\t<\/div>\n\t\t\t\t\t<\/div>\n\t\t<\/div>\n\t\t\t\t\t<\/div>\n\t\t<\/section>\n\t\t\t\t<\/div>","protected":false},"excerpt":{"rendered":"<p class=\"excerpt\">Fantasy Shooting Studio Oelde Was erwartet dich? Die Option ist perfekt, wenn du dich aus dem Alltag in eine Fantasiewelt fl\u00fcchten m\u00f6chtest! \u00a0 In unserem privaten Fotostudio, hast du die M\u00f6glichkeit dich voll auszutoben! Wir spielen mit Licht und Schatten und Nutzen die Hintergr\u00fcnde und Sets, die das kleine Studio bieten! \u00a0 Mein Fundus h\u00e4lt [&hellip;]<\/p>\n","protected":false},"author":1,"featured_media":0,"parent":79,"menu_order":0,"comment_status":"closed","ping_status":"closed","template":"template-blank.php","meta":{"footnotes":""},"class_list":["post-1028","page","type-page","status-publish","hentry"],"_links":{"self":[{"href":"https:\/\/mialeekreativ.de\/en\/wp-json\/wp\/v2\/pages\/1028","targetHints":{"allow":["GET"]}}],"collection":[{"href":"https:\/\/mialeekreativ.de\/en\/wp-json\/wp\/v2\/pages"}],"about":[{"href":"https:\/\/mialeekreativ.de\/en\/wp-json\/wp\/v2\/types\/page"}],"author":[{"embeddable":true,"href":"https:\/\/mialeekreativ.de\/en\/wp-json\/wp\/v2\/users\/1"}],"replies":[{"embeddable":true,"href":"https:\/\/mialeekreativ.de\/en\/wp-json\/wp\/v2\/comments?post=1028"}],"version-history":[{"count":5,"href":"https:\/\/mialeekreativ.de\/en\/wp-json\/wp\/v2\/pages\/1028\/revisions"}],"predecessor-version":[{"id":1037,"href":"https:\/\/mialeekreativ.de\/en\/wp-json\/wp\/v2\/pages\/1028\/revisions\/1037"}],"up":[{"embeddable":true,"href":"https:\/\/mialeekreativ.de\/en\/wp-json\/wp\/v2\/pages\/79"}],"wp:attachment":[{"href":"https:\/\/mialeekreativ.de\/en\/wp-json\/wp\/v2\/media?parent=1028"}],"curies":[{"name":"wp","href":"https:\/\/api.w.org\/{rel}","templated":true}]}}