{"id":535,"date":"2019-08-08T17:54:42","date_gmt":"2020-05-05T22:08:59","guid":{"rendered":"http:\/\/mialeekreativ.de\/wp\/?page_id=535"},"modified":"2020-10-02T00:39:46","modified_gmt":"2020-10-02T00:39:46","slug":"privacy","status":"publish","type":"page","link":"http:\/\/mialeekreativ.de\/en\/privacy\/","title":{"rendered":"Privacy Policy"},"content":{"rendered":"<div data-elementor-type=\"wp-page\" data-elementor-id=\"535\" class=\"elementor elementor-535\" data-elementor-post-type=\"page\">\n\t\t\t\t\t\t<section class=\"elementor-section elementor-top-section elementor-element elementor-element-d51de57 elementor-section-boxed elementor-section-height-default elementor-section-height-default\" data-id=\"d51de57\" data-element_type=\"section\" data-e-type=\"section\">\n\t\t\t\t\t\t<div class=\"elementor-container elementor-column-gap-default\">\n\t\t\t\t\t<div class=\"elementor-column elementor-col-100 elementor-top-column elementor-element elementor-element-311ff46\" data-id=\"311ff46\" data-element_type=\"column\" data-e-type=\"column\">\n\t\t\t<div class=\"elementor-widget-wrap\">\n\t\t\t\t\t\t\t<\/div>\n\t\t<\/div>\n\t\t\t\t\t<\/div>\n\t\t<\/section>\n\t\t\t\t<section class=\"elementor-section elementor-top-section elementor-element elementor-element-420b78e elementor-section-boxed elementor-section-height-default elementor-section-height-default\" data-id=\"420b78e\" data-element_type=\"section\" data-e-type=\"section\">\n\t\t\t\t\t\t<div class=\"elementor-container elementor-column-gap-default\">\n\t\t\t\t\t<div class=\"elementor-column elementor-col-100 elementor-top-column elementor-element elementor-element-fe140c6\" data-id=\"fe140c6\" data-element_type=\"column\" data-e-type=\"column\">\n\t\t\t<div class=\"elementor-widget-wrap elementor-element-populated\">\n\t\t\t\t\t\t<div class=\"elementor-element elementor-element-4e9696b elementor-widget elementor-widget-spacer\" data-id=\"4e9696b\" data-element_type=\"widget\" data-e-type=\"widget\" data-widget_type=\"spacer.default\">\n\t\t\t\t<div class=\"elementor-widget-container\">\n\t\t\t\t\t\t\t<div class=\"elementor-spacer\">\n\t\t\t<div class=\"elementor-spacer-inner\"><\/div>\n\t\t<\/div>\n\t\t\t\t\t\t<\/div>\n\t\t\t\t<\/div>\n\t\t\t\t\t<\/div>\n\t\t<\/div>\n\t\t\t\t\t<\/div>\n\t\t<\/section>\n\t\t\t\t<section class=\"elementor-section elementor-top-section elementor-element elementor-element-7d4fc1e elementor-section-boxed elementor-section-height-default elementor-section-height-default\" data-id=\"7d4fc1e\" data-element_type=\"section\" data-e-type=\"section\">\n\t\t\t\t\t\t<div class=\"elementor-container elementor-column-gap-default\">\n\t\t\t\t\t<div class=\"elementor-column elementor-col-100 elementor-top-column elementor-element elementor-element-d55b888\" data-id=\"d55b888\" data-element_type=\"column\" data-e-type=\"column\">\n\t\t\t<div class=\"elementor-widget-wrap elementor-element-populated\">\n\t\t\t\t\t\t<div class=\"elementor-element elementor-element-46b4a06 elementor-widget elementor-widget-heading\" data-id=\"46b4a06\" data-element_type=\"widget\" data-e-type=\"widget\" data-widget_type=\"heading.default\">\n\t\t\t\t<div class=\"elementor-widget-container\">\n\t\t\t\t\t<h2 class=\"elementor-heading-title elementor-size-default\">Privacy Policy<\/h2>\t\t\t\t<\/div>\n\t\t\t\t<\/div>\n\t\t\t\t\t<\/div>\n\t\t<\/div>\n\t\t\t\t\t<\/div>\n\t\t<\/section>\n\t\t\t\t<section class=\"elementor-section elementor-top-section elementor-element elementor-element-ae4abaa elementor-section-boxed elementor-section-height-default elementor-section-height-default\" data-id=\"ae4abaa\" data-element_type=\"section\" data-e-type=\"section\">\n\t\t\t\t\t\t<div class=\"elementor-container elementor-column-gap-default\">\n\t\t\t\t\t<div class=\"elementor-column elementor-col-100 elementor-top-column elementor-element elementor-element-55e6236\" data-id=\"55e6236\" data-element_type=\"column\" data-e-type=\"column\">\n\t\t\t<div class=\"elementor-widget-wrap elementor-element-populated\">\n\t\t\t\t\t\t<div class=\"elementor-element elementor-element-5b3af44 elementor-widget elementor-widget-text-editor\" data-id=\"5b3af44\" data-element_type=\"widget\" data-e-type=\"widget\" data-widget_type=\"text-editor.default\">\n\t\t\t\t<div class=\"elementor-widget-container\">\n\t\t\t\t\t\t\t\t\t<p>The use of this website is generally possible without providing personal data. Insofar as personal data (such as name, address, or email addresses) are collected on the site, this is always done, where possible, on a voluntary basis. This data will not be passed on to third parties without your express consent.<\/p><p>I would like to point out that data transmission over the internet (e.g., during communication via email) can have security vulnerabilities. Complete protection of data from third-party access is not possible.\u00a0<\/p><p>The use of contact data published in accordance with the legal notice obligations by third parties for sending unsolicited advertising and informational materials is hereby expressly prohibited. The operators of these pages expressly reserve the right to take legal action in the event of unsolicited advertising, such as spam emails.<\/p><p>Using the contact details provided, you can exercise the following rights at any time:<\/p><ul><li>Access to the data stored about you and its processing (Art. 15 GDPR),<\/li><li>Berichtigung unrichtiger personenbezogener Daten (Art. 16 DSGVO),<\/li><li>L\u00f6schung Ihrer bei uns gespeicherten Daten (Art. 17 DSGVO),<\/li><li>Restriction of data processing, provided we are not permitted to delete your data due to legal obligations (Art. 18 GDPR),<\/li><li>Objection to the processing of your data by us (Art. 21 GDPR), and<\/li><li>Data portability, provided you have consented to the data processing or have entered into a contract with us (Art. 20 GDPR).<\/li><\/ul><p>If you have given us consent, you can revoke it at any time.<\/p><p><strong>Social Plugins<\/strong><\/p><p><strong>Type and purpose of processing:<\/strong><\/p><p>We offer you the option to use so-called \"social media buttons\" on our website. To protect your data, we implement the \"Shariff\" solution. This means that these buttons are integrated into the website only as graphics, which contain a link to the corresponding website of the button provider. By clicking on the graphic, you will be redirected to the services of the respective providers. Only then will your data be sent to the respective providers. If you do not click on the graphic, there is no exchange between you and the providers of the social media buttons. Information about the collection and use of your data in the social networks can be found in the respective terms of use of the corresponding providers.<\/p><p>We have integrated the social media buttons of the following companies on our website:<\/p><p><strong>Change of our privacy policy<\/strong><\/p><p>We reserve the right to amend this privacy policy to ensure it always meets current legal requirements or to implement changes to our services in the privacy policy, such as when introducing new services. The new privacy policy will apply to your next visit.<\/p><p><strong>Questions for the appointed Data Protector<\/strong><\/p><p>If you have any questions regarding data protection, please send us an email. <\/p><p><em>The privacy policy was made using activeMind AG <a href=\"https:\/\/www.activemind.de\/datenschutz\/datenschutzbeauftragter\/\">externe Datenschutzbeauftragte<\/a> (Version #2019-04-10).<\/em><\/p>\t\t\t\t\t\t\t\t<\/div>\n\t\t\t\t<\/div>\n\t\t\t\t\t<\/div>\n\t\t<\/div>\n\t\t\t\t\t<\/div>\n\t\t<\/section>\n\t\t\t\t<section class=\"elementor-section elementor-top-section elementor-element elementor-element-7b36ab1 elementor-section-boxed elementor-section-height-default elementor-section-height-default\" data-id=\"7b36ab1\" data-element_type=\"section\" data-e-type=\"section\">\n\t\t\t\t\t\t<div class=\"elementor-container elementor-column-gap-default\">\n\t\t\t\t\t<div class=\"elementor-column elementor-col-100 elementor-top-column elementor-element elementor-element-cbb090a\" data-id=\"cbb090a\" data-element_type=\"column\" data-e-type=\"column\">\n\t\t\t<div class=\"elementor-widget-wrap elementor-element-populated\">\n\t\t\t\t\t\t<div class=\"elementor-element elementor-element-c710b45 elementor-widget elementor-widget-spacer\" data-id=\"c710b45\" data-element_type=\"widget\" data-e-type=\"widget\" data-widget_type=\"spacer.default\">\n\t\t\t\t<div class=\"elementor-widget-container\">\n\t\t\t\t\t\t\t<div class=\"elementor-spacer\">\n\t\t\t<div class=\"elementor-spacer-inner\"><\/div>\n\t\t<\/div>\n\t\t\t\t\t\t<\/div>\n\t\t\t\t<\/div>\n\t\t\t\t\t<\/div>\n\t\t<\/div>\n\t\t\t\t\t<\/div>\n\t\t<\/section>\n\t\t\t\t<\/div>","protected":false},"excerpt":{"rendered":"<p class=\"excerpt\">Datenschutzerkl\u00e4rung Die Nutzung dieser Webseite ist in der Regel ohne Angabe personenbezogener Daten m\u00f6glich. Soweit auf der Seite personenbezogene Daten (beispielsweise Name, Anschrift oder E-Mail-Adressen) erhoben werden, erfolgt dies, soweit m\u00f6glich, stets auf freiwilliger Basis. Diese Daten werden ohne Ihre ausdr\u00fcckliche Zustimmung nicht an Dritte weitergegeben. Ich weise darauf hin, dass die Daten\u00fcbertragung im Internet [&hellip;]<\/p>\n","protected":false},"author":1,"featured_media":0,"parent":0,"menu_order":0,"comment_status":"closed","ping_status":"closed","template":"template-blank.php","meta":{"footnotes":""},"class_list":["post-535","page","type-page","status-publish","hentry"],"_links":{"self":[{"href":"http:\/\/mialeekreativ.de\/en\/wp-json\/wp\/v2\/pages\/535","targetHints":{"allow":["GET"]}}],"collection":[{"href":"http:\/\/mialeekreativ.de\/en\/wp-json\/wp\/v2\/pages"}],"about":[{"href":"http:\/\/mialeekreativ.de\/en\/wp-json\/wp\/v2\/types\/page"}],"author":[{"embeddable":true,"href":"http:\/\/mialeekreativ.de\/en\/wp-json\/wp\/v2\/users\/1"}],"replies":[{"embeddable":true,"href":"http:\/\/mialeekreativ.de\/en\/wp-json\/wp\/v2\/comments?post=535"}],"version-history":[{"count":5,"href":"http:\/\/mialeekreativ.de\/en\/wp-json\/wp\/v2\/pages\/535\/revisions"}],"predecessor-version":[{"id":571,"href":"http:\/\/mialeekreativ.de\/en\/wp-json\/wp\/v2\/pages\/535\/revisions\/571"}],"wp:attachment":[{"href":"http:\/\/mialeekreativ.de\/en\/wp-json\/wp\/v2\/media?parent=535"}],"curies":[{"name":"wp","href":"https:\/\/api.w.org\/{rel}","templated":true}]}}